{"id":284059,"date":"2024-05-07T08:10:50","date_gmt":"2024-05-07T08:10:50","guid":{"rendered":"https:\/\/unizip.it\/faq\/"},"modified":"2024-11-08T15:59:34","modified_gmt":"2024-11-08T15:59:34","slug":"f-a-q","status":"publish","type":"page","link":"https:\/\/unizip.it\/fr\/f-a-q\/","title":{"rendered":"F.A.Q."},"content":{"rendered":"<p>[et_pb_section fb_built=\u00a0\u00bb1&Prime; admin_label=\u00a0\u00bbHeader\u00a0\u00bb _builder_version=\u00a0\u00bb4.27.0&Prime; _module_preset=\u00a0\u00bbdefault\u00a0\u00bb background_color=\u00a0\u00bb#000000&Prime; background_enable_image=\u00a0\u00bboff\u00a0\u00bb background_position=\u00a0\u00bbtop_center\u00a0\u00bb background_vertical_offset=\u00a0\u00bb60%\u00a0\u00bb custom_margin=\u00a0\u00bb||-1px||false|false\u00a0\u00bb locked=\u00a0\u00bboff\u00a0\u00bb collapsed=\u00a0\u00bbon\u00a0\u00bb global_colors_info=\u00a0\u00bb{%22gcid-9fa4a1b6-767d-41ca-984c-a6f10449c843%22:%91%22background_color_gradient_stops%22%93,%22gcid-45591225-eb60-425d-a6e9-819211465604%22:%91%22background_color_gradient_stops%22%93}\u00a0\u00bb][et_pb_row _builder_version=\u00a0\u00bb4.25.0&Prime; _module_preset=\u00a0\u00bbdefault\u00a0\u00bb max_width=\u00a0\u00bb1920px\u00a0\u00bb global_colors_info=\u00a0\u00bb{}\u00a0\u00bb][et_pb_column type=\u00a0\u00bb4_4&Prime; _builder_version=\u00a0\u00bb4.20.0&Prime; _module_preset=\u00a0\u00bbdefault\u00a0\u00bb global_colors_info=\u00a0\u00bb{}\u00a0\u00bb][et_pb_text _builder_version=\u00a0\u00bb4.27.2&Prime; _module_preset=\u00a0\u00bb_initial\u00a0\u00bb header_font=\u00a0\u00bb|||on|||||\u00a0\u00bb header_text_color=\u00a0\u00bb#FFFFFF\u00a0\u00bb header_font_size=\u00a0\u00bb48px\u00a0\u00bb header_line_height=\u00a0\u00bb1.2em\u00a0\u00bb text_orientation=\u00a0\u00bbcenter\u00a0\u00bb custom_margin=\u00a0\u00bb||16px|||\u00a0\u00bb header_font_size_tablet=\u00a0\u00bb40px\u00a0\u00bb header_font_size_phone=\u00a0\u00bb24px\u00a0\u00bb header_font_size_last_edited=\u00a0\u00bbon|desktop\u00a0\u00bb global_colors_info=\u00a0\u00bb{}\u00a0\u00bb]<\/p>\n<h1>F.A.Q.<\/h1>\n<p>[\/et_pb_text][difl_breadcrumbs use_separator_icon=\u00a0\u00bbon\u00a0\u00bb separator_font_icon=\u00a0\u00bb&#x35;||divi||400&Prime; separator_icon_color=\u00a0\u00bb#FFFFFF\u00a0\u00bb pages_background_bgcolor=\u00a0\u00bbRGBA(255,255,255,0)\u00a0\u00bb home_background_bgcolor=\u00a0\u00bbRGBA(255,255,255,0)\u00a0\u00bb active_page_background_bgcolor=\u00a0\u00bbRGBA(255,255,255,0)\u00a0\u00bb use_home_icon=\u00a0\u00bbon\u00a0\u00bb home_font_icon=\u00a0\u00bb&#xe074;||divi||400&Prime; home_icon_color=\u00a0\u00bb#FFFFFF\u00a0\u00bb alignment=\u00a0\u00bbcenter\u00a0\u00bb _builder_version=\u00a0\u00bb4.25.0&Prime; _module_preset=\u00a0\u00bbdefault\u00a0\u00bb pages_font_font=\u00a0\u00bb||||||||\u00a0\u00bb pages_font_text_color=\u00a0\u00bb#FFFFFF\u00a0\u00bb pages_font_font_size=\u00a0\u00bb11px\u00a0\u00bb home_font_font=\u00a0\u00bb|||on|||||\u00a0\u00bb home_font_font_size=\u00a0\u00bb11px\u00a0\u00bb separator_text_font_text_color=\u00a0\u00bb#FFFFFF\u00a0\u00bb active_page_font_font=\u00a0\u00bb|||on|||||\u00a0\u00bb active_page_font_text_color=\u00a0\u00bb#FFFFFF\u00a0\u00bb global_colors_info=\u00a0\u00bb{}\u00a0\u00bb][\/difl_breadcrumbs][\/et_pb_column][\/et_pb_row][\/et_pb_section][et_pb_section fb_built=\u00a0\u00bb1&Prime; custom_padding_last_edited=\u00a0\u00bbon|tablet\u00a0\u00bb admin_label=\u00a0\u00bb11 FAQ\u00a0\u00bb _builder_version=\u00a0\u00bb4.27.0&Prime; _module_preset=\u00a0\u00bbdefault\u00a0\u00bb background_color=\u00a0\u00bb#030303&Prime; custom_padding=\u00a0\u00bb0px||0px||true|false\u00a0\u00bb custom_padding_tablet=\u00a0\u00bb70px||70px||true|false\u00a0\u00bb custom_padding_phone=\u00a0\u00bb0px||30px||false|false\u00a0\u00bb collapsed=\u00a0\u00bbon\u00a0\u00bb global_colors_info=\u00a0\u00bb{}\u00a0\u00bb][et_pb_row column_structure=\u00a0\u00bb3_5,2_5&Prime; custom_padding_last_edited=\u00a0\u00bbon|tablet\u00a0\u00bb _builder_version=\u00a0\u00bb4.27.0&Prime; _module_preset=\u00a0\u00bbdefault\u00a0\u00bb width_tablet=\u00a0\u00bb\u00a0\u00bb width_phone=\u00a0\u00bb90%\u00a0\u00bb width_last_edited=\u00a0\u00bbon|phone\u00a0\u00bb max_width=\u00a0\u00bb100%\u00a0\u00bb module_alignment=\u00a0\u00bbcenter\u00a0\u00bb custom_padding=\u00a0\u00bb0px||0px||false|false\u00a0\u00bb custom_padding_tablet=\u00a0\u00bb50px||0px||false|false\u00a0\u00bb custom_padding_phone=\u00a0\u00bb30px||||false|false\u00a0\u00bb global_colors_info=\u00a0\u00bb{}\u00a0\u00bb custom_css_main_element_last_edited=\u00a0\u00bboff|phone\u00a0\u00bb custom_css_main_element_tablet=\u00a0\u00bbdisplay: flex;||flex-direction: column-reverse;\u00a0\u00bb custom_css_main_element_phone=\u00a0\u00bbdisplay: flex;||flex-direction: column-reverse;\u00a0\u00bb][et_pb_column type=\u00a0\u00bb3_5&Prime; _builder_version=\u00a0\u00bb4.27.0&Prime; _module_preset=\u00a0\u00bbdefault\u00a0\u00bb custom_padding=\u00a0\u00bb||||false|false\u00a0\u00bb custom_padding_tablet=\u00a0\u00bb||||false|true\u00a0\u00bb custom_padding_phone=\u00a0\u00bb|0px||0px|false|true\u00a0\u00bb custom_padding_last_edited=\u00a0\u00bbon|tablet\u00a0\u00bb global_colors_info=\u00a0\u00bb{}\u00a0\u00bb custom_css_main_element_last_edited=\u00a0\u00bbon|tablet\u00a0\u00bb custom_css_main_element_tablet=\u00a0\u00bbmargin-bottom: 0px !important;\u00a0\u00bb custom_css_main_element_phone=\u00a0\u00bbmargin-bottom: 0px !important;\u00a0\u00bb][difl_faq faq_item_gap=\u00a0\u00bb0px\u00a0\u00bb activate_on_first_time=\u00a0\u00bbon\u00a0\u00bb active_item_order_number=\u00a0\u00bb1&Prime; close_faq_icon=\u00a0\u00bb&#x33;||divi||400&Prime; close_icon_color=\u00a0\u00bb#FFFFFF\u00a0\u00bb close_icon_size=\u00a0\u00bb30px\u00a0\u00bb open_faq_icon=\u00a0\u00bb&#x32;||divi||400&Prime; open_icon_color=\u00a0\u00bb#FFFFFF\u00a0\u00bb close_que_img_size=\u00a0\u00bb40px\u00a0\u00bb open_que_img_size=\u00a0\u00bb40px\u00a0\u00bb faq_item_wrapper_bg_bgcolor=\u00a0\u00bbRGBA(255,255,255,0)\u00a0\u00bb default_que_wrapper_bg_bgcolor=\u00a0\u00bbRGBA(255,255,255,0)\u00a0\u00bb active_que_wrapper_bg_bgcolor=\u00a0\u00bbRGBA(255,255,255,0)\u00a0\u00bb ans_wrapper_bg_bgcolor=\u00a0\u00bbRGBA(255,255,255,0)\u00a0\u00bb faq_item_wrapper_padding=\u00a0\u00bb24px||24px||true|false\u00a0\u00bb faq_item_wrapper_padding_tablet=\u00a0\u00bb20px||20px||true|false\u00a0\u00bb faq_item_wrapper_padding_phone=\u00a0\u00bb15px||15px||true|false\u00a0\u00bb faq_item_wrapper_padding_last_edited=\u00a0\u00bbon|tablet\u00a0\u00bb que_wrapper_padding=\u00a0\u00bb0px|0px|0px|0px|false|true\u00a0\u00bb que_text_margin=\u00a0\u00bb0px|0px|0px|15px|true|false\u00a0\u00bb que_text_margin_tablet=\u00a0\u00bb0px|0px|0px|12px|true|false\u00a0\u00bb que_text_margin_phone=\u00a0\u00bb|||10px|true|false\u00a0\u00bb que_text_margin_last_edited=\u00a0\u00bbon|tablet\u00a0\u00bb que_icon_margin=\u00a0\u00bb0px|0px|0px|0px|true|true\u00a0\u00bb que_img_margin=\u00a0\u00bb0px|0px|0px|0px|true|true\u00a0\u00bb ans_wrapper_padding=\u00a0\u00bb0px|0px|0px|0px|true|true\u00a0\u00bb ans_text_padding=\u00a0\u00bb24px|0px|0px|0px|false|true\u00a0\u00bb ans_text_padding_tablet=\u00a0\u00bb20px|0px|0px|0px|false|true\u00a0\u00bb ans_text_padding_phone=\u00a0\u00bb15px||||false|true\u00a0\u00bb ans_text_padding_last_edited=\u00a0\u00bbon|tablet\u00a0\u00bb faq_item_per_column_tablet=\u00a0\u00bb2&Prime; faq_item_per_column_phone=\u00a0\u00bb1&Prime; faq_item_per_column_last_edited=\u00a0\u00bbon|desktop\u00a0\u00bb close_que_img_size_tablet=\u00a0\u00bb35px\u00a0\u00bb close_que_img_size_phone=\u00a0\u00bb30px\u00a0\u00bb close_que_img_size_last_edited=\u00a0\u00bbon|tablet\u00a0\u00bb open_que_img_size_tablet=\u00a0\u00bb35px\u00a0\u00bb open_que_img_size_phone=\u00a0\u00bb30px\u00a0\u00bb open_que_img_size_last_edited=\u00a0\u00bbon|tablet\u00a0\u00bb _builder_version=\u00a0\u00bb4.27.2&Prime; _module_preset=\u00a0\u00bbdefault\u00a0\u00bb question_text_font=\u00a0\u00bbDM Sans||||||||\u00a0\u00bb question_text_text_color=\u00a0\u00bbgcid-45ca57a7-5bd6-4091-bab8-3f9dd4256695&Prime; active_design_question_text_font=\u00a0\u00bbDM Sans||||||||\u00a0\u00bb active_design_question_text_text_color=\u00a0\u00bb#FFFFFF\u00a0\u00bb design_answer_text_font=\u00a0\u00bb&#8211;et_global_body_font||||||||\u00a0\u00bb design_answer_text_text_color=\u00a0\u00bbgcid-45ca57a7-5bd6-4091-bab8-3f9dd4256695&Prime; design_answer_text_font_size=\u00a0\u00bb15px\u00a0\u00bb design_answer_text_link_font=\u00a0\u00bb&#8211;et_global_body_font||||||||\u00a0\u00bb design_answer_text_link_text_color=\u00a0\u00bb#FFFFFF\u00a0\u00bb background_color=\u00a0\u00bbRGBA(255,255,255,0)\u00a0\u00bb hover_enabled=\u00a0\u00bb0&Prime; question_text_font_size_tablet=\u00a0\u00bb17px\u00a0\u00bb question_text_font_size_phone=\u00a0\u00bb16px\u00a0\u00bb question_text_font_size_last_edited=\u00a0\u00bbon|tablet\u00a0\u00bb active_design_question_text_font_size_tablet=\u00a0\u00bb17px\u00a0\u00bb active_design_question_text_font_size_phone=\u00a0\u00bb16px\u00a0\u00bb active_design_question_text_font_size_last_edited=\u00a0\u00bbon|tablet\u00a0\u00bb design_answer_text_font_size_tablet=\u00a0\u00bb14px\u00a0\u00bb design_answer_text_font_size_phone=\u00a0\u00bb13px\u00a0\u00bb design_answer_text_font_size_last_edited=\u00a0\u00bbon|tablet\u00a0\u00bb custom_css_ans_text_css=\u00a0\u00bbfont-weight: 400;\u00a0\u00bb border_width_all_faq_item_wrapper_border=\u00a0\u00bb0px\u00a0\u00bb border_color_all_faq_item_wrapper_border=\u00a0\u00bbRGBA(255,255,255,0)\u00a0\u00bb border_width_bottom_faq_item_wrapper_border=\u00a0\u00bb1px\u00a0\u00bb border_color_bottom_faq_item_wrapper_border=\u00a0\u00bbgcid-45ca57a7-5bd6-4091-bab8-3f9dd4256695&Prime; global_colors_info=\u00a0\u00bb{%22gcid-45ca57a7-5bd6-4091-bab8-3f9dd4256695%22:%91%22border_color_bottom_faq_item_wrapper_border%22,%22question_text_text_color%22,%22design_answer_text_text_color%22%93}\u00a0\u00bb que_wrapper_bg_bgcolor__hover=\u00a0\u00bb1px||||false|false\u00a0\u00bb que_wrapper_bg_bgcolor__hover_enabled=\u00a0\u00bbon|hover\u00a0\u00bb sticky_enabled=\u00a0\u00bb0&Prime;][difl_faqitem question=\u00a0\u00bbY a-t-il un minimum de commande?  \u00a0\u00bb question_title_tag=\u00a0\u00bbh3&Prime; _builder_version=\u00a0\u00bb4.27.2&Prime; hover_enabled=\u00a0\u00bb0&Prime; global_colors_info=\u00a0\u00bb{}\u00a0\u00bb que_wrapper_bg_bgcolor__hover=\u00a0\u00bb1px||||false|false\u00a0\u00bb que_wrapper_bg_bgcolor__hover_enabled=\u00a0\u00bbon|hover\u00a0\u00bb sticky_enabled=\u00a0\u00bb0&Prime;]<\/p>\n<p>Oui, il y a un minimum de commande, mais il varie en fonction de l&rsquo;article s\u00e9lectionn\u00e9.<\/p>\n<p>[\/difl_faqitem][difl_faqitem question=\u00a0\u00bbPuis-je appliquer ma tirette?  \u00a0\u00bb question_title_tag=\u00a0\u00bbh3&Prime; _builder_version=\u00a0\u00bb4.27.2&Prime; hover_enabled=\u00a0\u00bb0&Prime; global_colors_info=\u00a0\u00bb{}\u00a0\u00bb que_wrapper_bg_bgcolor__hover=\u00a0\u00bb1px||||false|false\u00a0\u00bb que_wrapper_bg_bgcolor__hover_enabled=\u00a0\u00bbon|hover\u00a0\u00bb sticky_enabled=\u00a0\u00bb0&Prime;]<\/p>\n<p>Oui, il est possible d&rsquo;appliquer votre propre tirette, il suffit de demander les zips avec curseur en trois pi\u00e8ces avec pontet \u00e0 part.<\/p>\n<p>[\/difl_faqitem][difl_faqitem question=\u00a0\u00bbQuels sont les d\u00e9lais de livraison pour la production?  \u00a0\u00bb question_title_tag=\u00a0\u00bbh3&Prime; _builder_version=\u00a0\u00bb4.27.2&Prime; hover_enabled=\u00a0\u00bb0&Prime; global_colors_info=\u00a0\u00bb{}\u00a0\u00bb que_wrapper_bg_bgcolor__hover=\u00a0\u00bb1px||||false|false\u00a0\u00bb que_wrapper_bg_bgcolor__hover_enabled=\u00a0\u00bbon|hover\u00a0\u00bb sticky_enabled=\u00a0\u00bb0&Prime;]<\/p>\n<p>Les d\u00e9lais de livraison pour la production sont g\u00e9n\u00e9ralement de trois \u00e0 quatre semaines. Si l&rsquo;article est disponible en stock, il est possible de le recevoir encore plus rapidement.<\/p>\n<p>[\/difl_faqitem][difl_faqitem question=\u00a0\u00bbCombien de temps ai-je pour modifier une commande d\u00e9j\u00e0 confirm\u00e9e?  \u00a0\u00bb question_title_tag=\u00a0\u00bbh3&Prime; _builder_version=\u00a0\u00bb4.27.2&Prime; hover_enabled=\u00a0\u00bb0&Prime; global_colors_info=\u00a0\u00bb{}\u00a0\u00bb que_wrapper_bg_bgcolor__hover=\u00a0\u00bb1px||||false|false\u00a0\u00bb que_wrapper_bg_bgcolor__hover_enabled=\u00a0\u00bbon|hover\u00a0\u00bb sticky_enabled=\u00a0\u00bb0&Prime;]<\/p>\n<p>Il est possible d&rsquo;apporter des modifications dans les 24 heures suivant la r\u00e9ception de la confirmation de la commande officielle.<\/p>\n<p>[\/difl_faqitem][difl_faqitem question=\u00a0\u00bbAvez-vous des agents de zone?  \u00a0\u00bb question_title_tag=\u00a0\u00bbh3&Prime; _builder_version=\u00a0\u00bb4.27.2&Prime; hover_enabled=\u00a0\u00bb0&Prime; global_colors_info=\u00a0\u00bb{}\u00a0\u00bb que_wrapper_bg_bgcolor__hover=\u00a0\u00bb1px||||false|false\u00a0\u00bb que_wrapper_bg_bgcolor__hover_enabled=\u00a0\u00bbon|hover\u00a0\u00bb sticky_enabled=\u00a0\u00bb0&Prime;]<\/p>\n<p>Oui, nous avons des agents sur une partie du territoire italien et \u00e0 l&rsquo;\u00e9tranger.<\/p>\n<p>[\/difl_faqitem][difl_faqitem question=\u00a0\u00bbEst-il possible de visiter Unizip?  \u00a0\u00bb question_title_tag=\u00a0\u00bbh3&Prime; _builder_version=\u00a0\u00bb4.27.2&Prime; hover_enabled=\u00a0\u00bb0&Prime; global_colors_info=\u00a0\u00bb{}\u00a0\u00bb que_wrapper_bg_bgcolor__hover=\u00a0\u00bb1px||||false|false\u00a0\u00bb que_wrapper_bg_bgcolor__hover_enabled=\u00a0\u00bbon|hover\u00a0\u00bb sticky_enabled=\u00a0\u00bb0&Prime;]<\/p>\n<p>Oui, il est possible de visiter Unizip sur rendez-vous par courriel \u00e0 <a href=\"mailto:info@unizip.it\">info@unizip.it<\/a>.<\/p>\n<p>[\/difl_faqitem][difl_faqitem question=\u00a0\u00bbPuis-je recevoir des \u00e9chantillons?  \u00a0\u00bb question_title_tag=\u00a0\u00bbh3&Prime; _builder_version=\u00a0\u00bb4.27.2&Prime; hover_enabled=\u00a0\u00bb0&Prime; global_colors_info=\u00a0\u00bb{}\u00a0\u00bb que_wrapper_bg_bgcolor__hover=\u00a0\u00bb1px||||false|false\u00a0\u00bb que_wrapper_bg_bgcolor__hover_enabled=\u00a0\u00bbon|hover\u00a0\u00bb sticky_enabled=\u00a0\u00bb0&Prime;]<\/p>\n<p>Oui, il est possible de recevoir des \u00e9chantillons de la collection en cours.<\/p>\n<p>[\/difl_faqitem][difl_faqitem question=\u00a0\u00bbPeut-on passer une commande de prototypes pr\u00e9-\u00e9chantillons pr\u00e9-Collection?  \u00a0\u00bb question_title_tag=\u00a0\u00bbh3&Prime; _builder_version=\u00a0\u00bb4.27.2&Prime; hover_enabled=\u00a0\u00bb0&Prime; global_colors_info=\u00a0\u00bb{}\u00a0\u00bb que_wrapper_bg_bgcolor__hover=\u00a0\u00bb1px||||false|false\u00a0\u00bb que_wrapper_bg_bgcolor__hover_enabled=\u00a0\u00bbon|hover\u00a0\u00bb sticky_enabled=\u00a0\u00bb0&Prime;]<\/p>\n<p><span>Oui, il est possible de passer une commande de prototypes pr\u00e9-Collection en envoyant un message par courriel \u00e0 <\/span><a data-link-card=\"true\" href=\"mailto:info@unizip.it\" target=\"_blank\" rel=\"noopener\">info@unizip.it<\/a><\/p>\n<p>[\/difl_faqitem][difl_faqitem question=\u00a0\u00bbPuis-je personnaliser la tirette?  \u00a0\u00bb question_title_tag=\u00a0\u00bbh3&Prime; _builder_version=\u00a0\u00bb4.27.2&Prime; hover_enabled=\u00a0\u00bb0&Prime; global_colors_info=\u00a0\u00bb{}\u00a0\u00bb que_wrapper_bg_bgcolor__hover=\u00a0\u00bb1px||||false|false\u00a0\u00bb que_wrapper_bg_bgcolor__hover_enabled=\u00a0\u00bbon|hover\u00a0\u00bb sticky_enabled=\u00a0\u00bb0&Prime;]<\/p>\n<p>Oui, il est possible de personnaliser la tirette. Nos commerciaux vous aideront \u00e0 choisir la personnalisation parfaite et vous accompagneront tout au long du projet.<\/p>\n<p>[\/difl_faqitem][difl_faqitem question=\u00a0\u00bbEst-il possible d&rsquo;avoir un prototype 3D de la tirette personnalis\u00e9?  \u00a0\u00bb question_title_tag=\u00a0\u00bbh3&Prime; _builder_version=\u00a0\u00bb4.27.2&Prime; hover_enabled=\u00a0\u00bb0&Prime; global_colors_info=\u00a0\u00bb{}\u00a0\u00bb que_wrapper_bg_bgcolor__hover=\u00a0\u00bb1px||||false|false\u00a0\u00bb que_wrapper_bg_bgcolor__hover_enabled=\u00a0\u00bbon|hover\u00a0\u00bb sticky_enabled=\u00a0\u00bb0&Prime;]<\/p>\n<p>Oui, il est possible d&rsquo;avoir un prototype 3D de la tirette personnalis\u00e9 et il sera disponible en seulement 48 heures.<\/p>\n<p>[\/difl_faqitem][difl_faqitem question=\u00a0\u00bbPuis-je personnaliser le dos du curseur?  \u00a0\u00bb question_title_tag=\u00a0\u00bbh3&Prime; _builder_version=\u00a0\u00bb4.27.2&Prime; hover_enabled=\u00a0\u00bb0&Prime; global_colors_info=\u00a0\u00bb{}\u00a0\u00bb que_wrapper_bg_bgcolor__hover=\u00a0\u00bb1px||||false|false\u00a0\u00bb que_wrapper_bg_bgcolor__hover_enabled=\u00a0\u00bbon|hover\u00a0\u00bb sticky_enabled=\u00a0\u00bb0&Prime;]<\/p>\n<p>Oui, il est possible de personnaliser le dos du curseur. Cela entra\u00eene des co\u00fbts et des frais suppl\u00e9mentaires.<\/p>\n<p>[\/difl_faqitem][difl_faqitem question=\u00a0\u00bbCombien de coloris compte votre gamme coloris?\u00a0\u00bb question_title_tag=\u00a0\u00bbh3&Prime; _builder_version=\u00a0\u00bb4.27.2&Prime; hover_enabled=\u00a0\u00bb0&Prime; global_colors_info=\u00a0\u00bb{}\u00a0\u00bb que_wrapper_bg_bgcolor__hover=\u00a0\u00bb1px||||false|false\u00a0\u00bb que_wrapper_bg_bgcolor__hover_enabled=\u00a0\u00bbon|hover\u00a0\u00bb sticky_enabled=\u00a0\u00bb0&Prime;]<\/p>\n<p>Notre gamme compte 600 coloris<\/p>\n<p>[\/difl_faqitem][difl_faqitem question=\u00a0\u00bbLe nuancier est-il valable pour tous les types de zip?  \u00a0\u00bb question_title_tag=\u00a0\u00bbh3&Prime; _builder_version=\u00a0\u00bb4.27.2&Prime; hover_enabled=\u00a0\u00bb0&Prime; global_colors_info=\u00a0\u00bb{}\u00a0\u00bb que_wrapper_bg_bgcolor__hover=\u00a0\u00bb1px||||false|false\u00a0\u00bb que_wrapper_bg_bgcolor__hover_enabled=\u00a0\u00bbon|hover\u00a0\u00bb sticky_enabled=\u00a0\u00bb0&Prime;]<\/p>\n<p>Oui, le nuancier est valable pour tous les types de zip, y compris pour les rubans r\u00e9sistants a l\u2019eau et les articles particuliers.<\/p>\n<p>[\/difl_faqitem][difl_faqitem question=\u00a0\u00bbEst-il possible de d\u00e9velopper un nouveau coloris?  \u00a0\u00bb question_title_tag=\u00a0\u00bbh3&Prime; _builder_version=\u00a0\u00bb4.27.2&Prime; hover_enabled=\u00a0\u00bb0&Prime; global_colors_info=\u00a0\u00bb{}\u00a0\u00bb que_wrapper_bg_bgcolor__hover=\u00a0\u00bb1px||||false|false\u00a0\u00bb que_wrapper_bg_bgcolor__hover_enabled=\u00a0\u00bbon|hover\u00a0\u00bb sticky_enabled=\u00a0\u00bb0&Prime;]<\/p>\n<p>Oui, il est possible de teindre une couleur sur \u00e9chantillon d\u00e9velopper un nouveau coloris, mais il est pr\u00e9vu un petit suppl\u00e9ment.<\/p>\n<p>[\/difl_faqitem][difl_faqitem question=\u00a0\u00bbAvez-vous des zips disponibles en stock?  \u00a0\u00bb question_title_tag=\u00a0\u00bbh3&Prime; _builder_version=\u00a0\u00bb4.27.2&Prime; hover_enabled=\u00a0\u00bb0&Prime; global_colors_info=\u00a0\u00bb{}\u00a0\u00bb que_wrapper_bg_bgcolor__hover=\u00a0\u00bb1px||||false|false\u00a0\u00bb que_wrapper_bg_bgcolor__hover_enabled=\u00a0\u00bbon|hover\u00a0\u00bb sticky_enabled=\u00a0\u00bb0&Prime;]<\/p>\n<p>Oui, nous avons toujours des zips disponibles en stock. Principalement des invisibles et des spirales, mais nous avons aussi de bonnes quantit\u00e9s de m\u00e9tal et de zips en plastique inject\u00e9e.<\/p>\n<p>[\/difl_faqitem][\/difl_faq][\/et_pb_column][et_pb_column type=\u00a0\u00bb2_5&Prime; _builder_version=\u00a0\u00bb4.20.2&Prime; _module_preset=\u00a0\u00bbdefault\u00a0\u00bb global_colors_info=\u00a0\u00bb{}\u00a0\u00bb custom_css_main_element_last_edited=\u00a0\u00bbon|tablet\u00a0\u00bb custom_css_main_element_tablet=\u00a0\u00bbmargin-bottom: 30px !important;\u00a0\u00bb custom_css_main_element_phone=\u00a0\u00bbmargin-bottom: 30px !important;\u00a0\u00bb][et_pb_image src=\u00a0\u00bbhttps:\/\/unizip.it\/wp-content\/uploads\/2024\/05\/CORD_PULLER-copia-scaled.jpg\u00a0\u00bb title_text=\u00a0\u00bbCORD_PULLER copia\u00a0\u00bb align_tablet=\u00a0\u00bbcenter\u00a0\u00bb align_phone=\u00a0\u00bbcenter\u00a0\u00bb align_last_edited=\u00a0\u00bbon|tablet\u00a0\u00bb _builder_version=\u00a0\u00bb4.27.0&Prime; _module_preset=\u00a0\u00bbdefault\u00a0\u00bb custom_margin_tablet=\u00a0\u00bb80px||||false|false\u00a0\u00bb custom_margin_phone=\u00a0\u00bb70px||||false|false\u00a0\u00bb custom_margin_last_edited=\u00a0\u00bbon|phone\u00a0\u00bb filter_brightness=\u00a0\u00bb91%\u00a0\u00bb filter_contrast=\u00a0\u00bb162%\u00a0\u00bb global_colors_info=\u00a0\u00bb{}\u00a0\u00bb][\/et_pb_image][\/et_pb_column][\/et_pb_row][\/et_pb_section]<\/p>\n","protected":false},"excerpt":{"rendered":"<p>F.A.Q.<div class=\"et_pb_module difl_breadcrumbs difl_breadcrumbs_0\">\n\t\t\t\t\n\t\t\t\t\n\t\t\t\t\n\t\t\t\t\n\t\t\t\t\n\t\t\t\t\n\t\t\t\t<div class=\"et_pb_module_inner\">\n\t\t\t\t\t<div class=\"df_breadcrumbs_container\">\r\n                             \r\n                            <div class=\"df_breadcrumbs_wrapper\">\r\n                                <ul class=\"df-breadcrumbs\"><li class=\"df-breadcrumbs-item df-breadcrumbs-start\"><a href=\"https:\/\/unizip.it\/fr\/\"  rel=\"home\"><span class=\"df-breadcrumbs-text\"> <span class=\"df-breadcrumbs-home-icon\"><span class=\"et-pb-icon df-home-icon\">&#xe074;<\/span><\/span>  <\/span><\/a><\/li><\/ul>\r\n                            <\/div>\r\n\r\n                        <\/div>\n\t\t\t\t<\/div>\n\t\t\t<\/div><div class=\"et_pb_module difl_faq difl_faq_0\">\n\t\t\t\t\n\t\t\t\t\n\t\t\t\t\n\t\t\t\t\n\t\t\t\t\n\t\t\t\t\n\t\t\t\t<div class=\"et_pb_module_inner\">\n\t\t\t\t\t<div class=\"df_faq_wrapper \" data-settings='{\"faq_layout\":\"accordion\",\"activate_on_first_time\":\"\\u00bbon\",\"active_item_order_number\":0,\"faq_animation\":\"slide\",\"faq_anime_duration\":\"300\",\"icon_animation\":\"fade\",\"que_img_animation\":\"fade\",\"content_animation_type\":\"fade_in\",\"content_anime_duration\":\"250\",\"order_class\":\"difl_faq_0\",\"faq_layout_grid\":\"off\",\"faq_item_per_column\":\"2\",\"faq_item_per_column_tablet\":\"\\u00bb2&Prime;\",\"faq_item_per_column_phone\":\"\\u00bb1&Prime;\"}'><\/div>\r\n            \n\t\t\t\t<\/div>\n\t\t\t<\/div><\/p>\n","protected":false},"author":1,"featured_media":0,"parent":0,"menu_order":0,"comment_status":"closed","ping_status":"closed","template":"","meta":{"_et_pb_use_builder":"on","_et_pb_old_content":"<!-- wp:divi\/placeholder \/-->","_et_gb_content_width":"","footnotes":""},"difl_page_category":[],"class_list":["post-284059","page","type-page","status-publish","hentry"],"_links":{"self":[{"href":"https:\/\/unizip.it\/fr\/wp-json\/wp\/v2\/pages\/284059","targetHints":{"allow":["GET"]}}],"collection":[{"href":"https:\/\/unizip.it\/fr\/wp-json\/wp\/v2\/pages"}],"about":[{"href":"https:\/\/unizip.it\/fr\/wp-json\/wp\/v2\/types\/page"}],"author":[{"embeddable":true,"href":"https:\/\/unizip.it\/fr\/wp-json\/wp\/v2\/users\/1"}],"replies":[{"embeddable":true,"href":"https:\/\/unizip.it\/fr\/wp-json\/wp\/v2\/comments?post=284059"}],"version-history":[{"count":0,"href":"https:\/\/unizip.it\/fr\/wp-json\/wp\/v2\/pages\/284059\/revisions"}],"wp:attachment":[{"href":"https:\/\/unizip.it\/fr\/wp-json\/wp\/v2\/media?parent=284059"}],"wp:term":[{"taxonomy":"difl_page_category","embeddable":true,"href":"https:\/\/unizip.it\/fr\/wp-json\/wp\/v2\/difl_page_category?post=284059"}],"curies":[{"name":"wp","href":"https:\/\/api.w.org\/{rel}","templated":true}]}}